{"id":33,"date":"2021-10-07T09:01:53","date_gmt":"2021-10-07T09:01:53","guid":{"rendered":"http:\/\/localhost\/dp1.test\/?page_id=33"},"modified":"2022-09-30T11:12:31","modified_gmt":"2022-09-30T04:12:31","slug":"about-us","status":"publish","type":"page","link":"https:\/\/dpexpress.vn\/en\/about-us\/","title":{"rendered":"About Us"},"content":{"rendered":"<p>Trong xu th\u1ebf th\u1ecb tr\u01b0\u1eddng th\u01b0\u01a1ng m\u1ea1i \u0111i\u1ec7n t\u1eed Vi\u1ec7t Nam (TM\u0110T) ng\u00e0y c\u00e0ng \u0111\u01b0\u1ee3c m\u1edf r\u1ed9ng v\u00e0 hi\u1ec7n \u0111\u00e3 tr\u1edf th\u00e0nh ph\u01b0\u01a1ng th\u1ee9c kinh doanh ph\u1ed5 bi\u1ebfn \u0111\u01b0\u1ee3c doanh nghi\u1ec7p, ng\u01b0\u1eddi d\u00e2n bi\u1ebft \u0111\u1ebfn. S\u1ef1 \u0111a d\u1ea1ng v\u1ec1 m\u00f4 h\u00ecnh ho\u1ea1t \u0111\u1ed9ng, v\u1ec1 \u0111\u1ed1i t\u01b0\u1ee3ng tham gia, v\u1ec1 quy tr\u00ecnh ho\u1ea1t \u0111\u1ed9ng v\u00e0 chu\u1ed7i cung \u1ee9ng h\u00e0ng h\u00f3a, d\u1ecbch v\u1ee5 v\u1edbi s\u1ef1 h\u1ed7 tr\u1ee3 c\u1ee7a h\u1ea1 t\u1ea7ng Internet v\u00e0 \u1ee9ng d\u1ee5ng c\u00f4ng ngh\u1ec7 hi\u1ec7n \u0111\u1ea1i \u0111\u00e3 \u0111\u01b0a TM\u0110T tr\u1edf th\u00e0nh tr\u1ee5 c\u1ed9t quan tr\u1ecdng trong ti\u1ebfn tr\u00ecnh ph\u00e1t tri\u1ec3n kinh t\u1ebf s\u1ed1 c\u1ee7a qu\u1ed1c gia.. Do v\u1eady, vai tr\u00f2 c\u1ee7a Logistics th\u01b0\u01a1ng m\u1ea1i \u0111i\u1ec7n t\u1eed s\u1ebd h\u1ed7 tr\u1ee3 t\u00edch c\u1ef1c cho c\u00e1c ho\u1ea1t \u0111\u1ed9ng c\u1ee7a Doanh nghi\u1ec7p v\u1edbi m\u1ee5c ti\u00eau c\u01a1 b\u1ea3n l\u00e0 giao \u0111\u00fang s\u1ea3n ph\u1ea9m, \u0111\u00fang s\u1ed1 l\u01b0\u1ee3ng, \u0111\u00fang \u0111\u1ecba \u0111i\u1ec3m v\u00e0 th\u1eddi gian, gi\u00fap \u0111\u1ea1t \u0111\u01b0\u1ee3c m\u1ee5c \u0111\u00edch cu\u1ed1i c\u00f9ng l\u00e0 l\u1ee3i th\u1ebf c\u1ea1nh tranh.<\/p>\n\n\n\n<figure class=\"wp-block-table\"><table><tbody><tr><td>Dragon Pacific l\u00e0&nbsp; m\u1ed9t trong nh\u1eefng c\u00f4ng ty giao nh\u1eadn h\u00e0ng \u0111\u1ea7u trong l\u0129nh v\u1ef1c th\u01b0\u01a1ng m\u1ea1i \u0111i\u1ec7n t\u1eed<\/td><\/tr><tr><td>V\u1edbi \u0111\u1ed9i ng\u0169 nh\u00e2n vi\u00ean gi\u00e0u kinh nghi\u1ec7m, h\u1ec7 th\u1ed1ng \u0111\u1ea1i l\u00fd to\u00e0n c\u1ea7u v\u00e0&nbsp; kho b\u00e3i t\u1ea1i Vi\u1ec7t Nam<\/td><td><\/td><\/tr><tr><td>Ch\u00fang t\u00f4i mong mu\u1ed1n mang \u0111\u1ebfn c\u00e1c gi\u1ea3i ph\u00e1p t\u1ed1i \u01b0u h\u00f3a chi ph\u00ed v\u1eadn chuy\u1ec3n t\u1ed1t nh\u1ea5t t\u1edbi kh\u00e1ch h\u00e0ng<\/td><\/tr><\/tbody><\/table><\/figure>\n\n\n\n<p>OUR SERVICE<\/p>\n\n\n\n<p>AIR FREIGHT<\/p>\n\n\n\n<figure class=\"wp-block-image size-large\"><img src=\"https:\/\/upload.wikimedia.org\/wikipedia\/commons\/c\/c4\/British_Airways_G-BNLU-2008-09-13-YVR.jpg\" alt=\"\"\/><\/figure>\n\n\n\n<p><\/p>","protected":false},"excerpt":{"rendered":"<p>Trong xu th\u1ebf th\u1ecb tr\u01b0\u1eddng th\u01b0\u01a1ng m\u1ea1i \u0111i\u1ec7n t\u1eed Vi\u1ec7t Nam (TM\u0110T) ng\u00e0y c\u00e0ng \u0111\u01b0\u1ee3c m\u1edf r\u1ed9ng v\u00e0 hi\u1ec7n \u0111\u00e3 tr\u1edf th\u00e0nh ph\u01b0\u01a1ng th\u1ee9c kinh doanh ph\u1ed5 bi\u1ebfn \u0111\u01b0\u1ee3c doanh nghi\u1ec7p, ng\u01b0\u1eddi d\u00e2n bi\u1ebft \u0111\u1ebfn. S\u1ef1 \u0111a d\u1ea1ng v\u1ec1 m\u00f4 h\u00ecnh ho\u1ea1t \u0111\u1ed9ng, v\u1ec1 \u0111\u1ed1i t\u01b0\u1ee3ng tham gia, v\u1ec1 quy&hellip; <\/p>","protected":false},"author":1,"featured_media":0,"parent":0,"menu_order":0,"comment_status":"closed","ping_status":"closed","template":"","meta":[],"_links":{"self":[{"href":"https:\/\/dpexpress.vn\/en\/wp-json\/wp\/v2\/pages\/33"}],"collection":[{"href":"https:\/\/dpexpress.vn\/en\/wp-json\/wp\/v2\/pages"}],"about":[{"href":"https:\/\/dpexpress.vn\/en\/wp-json\/wp\/v2\/types\/page"}],"author":[{"embeddable":true,"href":"https:\/\/dpexpress.vn\/en\/wp-json\/wp\/v2\/users\/1"}],"replies":[{"embeddable":true,"href":"https:\/\/dpexpress.vn\/en\/wp-json\/wp\/v2\/comments?post=33"}],"version-history":[{"count":2,"href":"https:\/\/dpexpress.vn\/en\/wp-json\/wp\/v2\/pages\/33\/revisions"}],"predecessor-version":[{"id":268,"href":"https:\/\/dpexpress.vn\/en\/wp-json\/wp\/v2\/pages\/33\/revisions\/268"}],"wp:attachment":[{"href":"https:\/\/dpexpress.vn\/en\/wp-json\/wp\/v2\/media?parent=33"}],"curies":[{"name":"wp","href":"https:\/\/api.w.org\/{rel}","templated":true}]}}