{"id":185,"date":"2021-12-01T10:40:34","date_gmt":"2021-12-01T03:40:34","guid":{"rendered":"https:\/\/dpexpress.vn\/?page_id=185"},"modified":"2022-10-30T23:54:49","modified_gmt":"2022-10-30T16:54:49","slug":"e-commerce","status":"publish","type":"page","link":"https:\/\/dpexpress.vn\/en\/e-commerce\/","title":{"rendered":"E-commerce (Electronic Commerce)"},"content":{"rendered":"<p>D\u1ecbch v\u1ee5 v\u1eadn chuy\u1ec3n h\u00e0ng h\u00f3a \u0111\u1ebfn c\u00e1c n\u1ec1n t\u1ea3ng Th\u01b0\u01a1ng m\u1ea1i \u0111i\u1ec7n t\u1eed \u00a0theo c\u00e1c h\u00ecnh th\u1ee9c B2B, B2C, Fulfillment<\/p>\n\n\n\n<ul><li>Khai b\u00e1o h\u1ea3i quan nh\u1eadp kh\u1ea9u, th\u00f4ng quan,\u00a0 n\u1ed9p thu\u1ebf h\u1ed9 kh\u00e1ch h\u00e0ng t\u1ea1i M\u1ef9, Ch\u00e2u \u00c2u<\/li><li>D\u1ecbch v\u1ee5 \u1ee7y th\u00e1c xu\u1ea5t kh\u1ea9u v\u00e0 nh\u1eadp kh\u1ea9u th\u01b0\u01a1ng m\u1ea1i \u0111i\u1ec7n t\u1eed t\u1eeb Vi\u1ec7t Nam \u0110i c\u00e1c n\u01b0\u1edbc v\u00e0 ng\u01b0\u1ee3c l\u1ea1i<\/li><li>V\u00e2n chuy\u1ec3n n\u1ed9i \u0111\u1ecba, h\u1ed7 tr\u1ee3 l\u1ea5y h\u00e0ng, gom h\u00e0ng to\u00e0n qu\u1ed1c<\/li><li>V\u1eadn chuy\u1ec3n \u0111\u01b0\u1eddng h\u00e0ng kh\u00f4ng chuy\u00ean tuy\u1ebfn, chuy\u1ec3n ph\u00e1t nhanh,\u00a0 epacket v\u1edbi chi ph\u00ed v\u00e0 th\u1eddi gian t\u1ed1i \u01b0u nh\u1ea5t<\/li><li>V\u1eadn chuy\u1ec3n \u0111\u01b0\u1eddng bi\u1ec3n FCL (h\u00e0ng cont), LCL (h\u00e0ng l\u1ebb) t\u1eeb kho s\u1ea3n xu\u1ea5t t\u1ea1i Vi\u1ec7t Nam \u0111\u1ebfn c\u00e1c kho Th\u01b0\u01a1ng M\u1ea1i \u0111i\u1ec7n t\u1eed<\/li><li>D\u1ecbch v\u1ee5 l\u01b0u b\u00e3i, l\u01b0u kho t\u1ea1i My, x\u1eed l\u00fd h\u1eadu giao h\u00e0ng sau khi h\u00e0ng \u0111\u1ebfn M\u1ef9<\/li><li>D\u1ecbch v\u1ee5 relabel, devaning, Fulfillment t\u1ea1i M\u1ef9, Ch\u00e2u \u00c2u<\/li><\/ul>\n\n\n\n<div class=\"wp-block-image is-style-rounded\"><figure class=\"aligncenter size-full\"><img loading=\"lazy\" width=\"500\" height=\"294\" src=\"https:\/\/dpexpress.vn\/wp-content\/uploads\/2021\/12\/ecommerce-2.png\" alt=\"\" class=\"wp-image-189\" srcset=\"https:\/\/dpexpress.vn\/wp-content\/uploads\/2021\/12\/ecommerce-2.png 500w, https:\/\/dpexpress.vn\/wp-content\/uploads\/2021\/12\/ecommerce-2-300x176.png 300w\" sizes=\"(max-width: 500px) 100vw, 500px\" \/><\/figure><\/div>\n\n\n\n<p><\/p>","protected":false},"excerpt":{"rendered":"<p>D\u1ecbch v\u1ee5 v\u1eadn chuy\u1ec3n h\u00e0ng h\u00f3a \u0111\u1ebfn c\u00e1c n\u1ec1n t\u1ea3ng Th\u01b0\u01a1ng m\u1ea1i \u0111i\u1ec7n t\u1eed \u00a0theo c\u00e1c h\u00ecnh th\u1ee9c B2B, B2C, Fulfillment Khai b\u00e1o h\u1ea3i quan nh\u1eadp kh\u1ea9u, th\u00f4ng quan,\u00a0 n\u1ed9p thu\u1ebf h\u1ed9 kh\u00e1ch h\u00e0ng t\u1ea1i M\u1ef9, Ch\u00e2u \u00c2u D\u1ecbch v\u1ee5 \u1ee7y th\u00e1c xu\u1ea5t kh\u1ea9u v\u00e0 nh\u1eadp kh\u1ea9u th\u01b0\u01a1ng m\u1ea1i \u0111i\u1ec7n&hellip; <\/p>","protected":false},"author":1,"featured_media":0,"parent":0,"menu_order":0,"comment_status":"closed","ping_status":"closed","template":"","meta":[],"_links":{"self":[{"href":"https:\/\/dpexpress.vn\/en\/wp-json\/wp\/v2\/pages\/185"}],"collection":[{"href":"https:\/\/dpexpress.vn\/en\/wp-json\/wp\/v2\/pages"}],"about":[{"href":"https:\/\/dpexpress.vn\/en\/wp-json\/wp\/v2\/types\/page"}],"author":[{"embeddable":true,"href":"https:\/\/dpexpress.vn\/en\/wp-json\/wp\/v2\/users\/1"}],"replies":[{"embeddable":true,"href":"https:\/\/dpexpress.vn\/en\/wp-json\/wp\/v2\/comments?post=185"}],"version-history":[{"count":7,"href":"https:\/\/dpexpress.vn\/en\/wp-json\/wp\/v2\/pages\/185\/revisions"}],"predecessor-version":[{"id":324,"href":"https:\/\/dpexpress.vn\/en\/wp-json\/wp\/v2\/pages\/185\/revisions\/324"}],"wp:attachment":[{"href":"https:\/\/dpexpress.vn\/en\/wp-json\/wp\/v2\/media?parent=185"}],"curies":[{"name":"wp","href":"https:\/\/api.w.org\/{rel}","templated":true}]}}