{"id":178,"date":"2021-12-01T10:35:04","date_gmt":"2021-12-01T03:35:04","guid":{"rendered":"https:\/\/dpexpress.vn\/?page_id=178"},"modified":"2022-10-26T17:53:59","modified_gmt":"2022-10-26T10:53:59","slug":"air-freight","status":"publish","type":"page","link":"https:\/\/dpexpress.vn\/en\/air-freight\/","title":{"rendered":"Air Freight"},"content":{"rendered":"<p class=\"has-drop-cap\">Ch\u00fang t\u00f4i \u0111\u1ea3m b\u1ea3o cung c\u1ea5p ch\u1ea5t l\u01b0\u1ee3ng d\u1ecbch v\u1ee5 t\u1ed1t nh\u1ea5t b\u1eb1ng h\u1ee3p \u0111\u1ed3ng v\u1edbi c\u00e1c h\u00e3ng h\u00e0ng kh\u00f4ng n\u1ed5i ti\u1ebfng th\u1ebf gi\u1edbi: Vietnam Airlines, Hongkong Airlines, Singapore Airlines, Japan Airlines, China Airlines, Eva Air, Lufthansa\u2026 Ch\u00fang t\u00f4i l\u00e0 m\u1ed9t trong nh\u1eefng nh\u00e0 cung c\u1ea5p c\u00f3 \u0111\u1ee7 tr\u00ecnh \u0111\u1ed9 \u0111\u1ec3 x\u1eed l\u00fd \u0111\u00fang chu\u1ea9n m\u1ecdi lo\u1ea1i m\u1eb7t h\u00e0ng, k\u1ec3 c\u1ea3 h\u00e0ng h\u00f3a nguy hi\u1ec3m, c\u1ed3ng k\u1ec1nh\u2026<\/p>\n\n\n\n<figure class=\"wp-block-image size-full is-style-rounded\"><img loading=\"lazy\" width=\"940\" height=\"501\" src=\"https:\/\/dpexpress.vn\/wp-content\/uploads\/2021\/12\/airfreight.jpg\" alt=\"\" class=\"wp-image-192\" srcset=\"https:\/\/dpexpress.vn\/wp-content\/uploads\/2021\/12\/airfreight.jpg 940w, https:\/\/dpexpress.vn\/wp-content\/uploads\/2021\/12\/airfreight-300x160.jpg 300w, https:\/\/dpexpress.vn\/wp-content\/uploads\/2021\/12\/airfreight-768x409.jpg 768w\" sizes=\"(max-width: 940px) 100vw, 940px\" \/><\/figure>","protected":false},"excerpt":{"rendered":"<p>Ch\u00fang t\u00f4i \u0111\u1ea3m b\u1ea3o cung c\u1ea5p ch\u1ea5t l\u01b0\u1ee3ng d\u1ecbch v\u1ee5 t\u1ed1t nh\u1ea5t b\u1eb1ng h\u1ee3p \u0111\u1ed3ng v\u1edbi c\u00e1c h\u00e3ng h\u00e0ng kh\u00f4ng n\u1ed5i ti\u1ebfng th\u1ebf gi\u1edbi: Vietnam Airlines, Hongkong Airlines, Singapore Airlines, Japan Airlines, China Airlines, Eva Air, Lufthansa\u2026 Ch\u00fang t\u00f4i l\u00e0 m\u1ed9t trong nh\u1eefng nh\u00e0 cung c\u1ea5p c\u00f3 \u0111\u1ee7 tr\u00ecnh \u0111\u1ed9&hellip; <\/p>","protected":false},"author":1,"featured_media":0,"parent":0,"menu_order":0,"comment_status":"closed","ping_status":"closed","template":"","meta":[],"_links":{"self":[{"href":"https:\/\/dpexpress.vn\/en\/wp-json\/wp\/v2\/pages\/178"}],"collection":[{"href":"https:\/\/dpexpress.vn\/en\/wp-json\/wp\/v2\/pages"}],"about":[{"href":"https:\/\/dpexpress.vn\/en\/wp-json\/wp\/v2\/types\/page"}],"author":[{"embeddable":true,"href":"https:\/\/dpexpress.vn\/en\/wp-json\/wp\/v2\/users\/1"}],"replies":[{"embeddable":true,"href":"https:\/\/dpexpress.vn\/en\/wp-json\/wp\/v2\/comments?post=178"}],"version-history":[{"count":4,"href":"https:\/\/dpexpress.vn\/en\/wp-json\/wp\/v2\/pages\/178\/revisions"}],"predecessor-version":[{"id":314,"href":"https:\/\/dpexpress.vn\/en\/wp-json\/wp\/v2\/pages\/178\/revisions\/314"}],"wp:attachment":[{"href":"https:\/\/dpexpress.vn\/en\/wp-json\/wp\/v2\/media?parent=178"}],"curies":[{"name":"wp","href":"https:\/\/api.w.org\/{rel}","templated":true}]}}